{"id":11,"date":"2024-07-05T10:16:16","date_gmt":"2024-07-05T08:16:16","guid":{"rendered":"https:\/\/www.spbt-consult.pl\/?page_id=11"},"modified":"2025-02-08T12:04:19","modified_gmt":"2025-02-08T11:04:19","slug":"info","status":"publish","type":"page","link":"https:\/\/www.spbt-consult.pl\/index.php\/info\/","title":{"rendered":"Reference projects"},"content":{"rendered":"\n<p>Following is the selection of our most-recent activities and projects.<br>Our team represents necessary technical and financial competencies, since 2004.<\/p>\n\n\n\n<p><\/p>\n\n\n\n<ul class=\"wp-block-list\">\n<li><strong>Designing the GHG certification scheme at 50.000 ha scale, including the partner search, legal compliance on national and EU level, calculations<\/strong> <strong>and report<\/strong> <strong>drafting<\/strong><br>Country covered: Poland<br>Client: private entity<br> \u00a0<\/li>\n\n\n\n<li><strong>Drafting 2030 Decarbonisation plans for transportation, production, chemical, automotive, wood and paper industries following the SBTi methodology.<br><\/strong>Countries covered: Poland, Germany, Czech Republic, Switzerland<br>Clients: private entities&nbsp;<\/li>\n<\/ul>\n\n\n\n<ul class=\"wp-block-list\">\n<li><strong>Technical and Financial Evaluation of over 130 business plans in the scope of energy efficiency, resource efficiency, circular economy, renewable energy sources, climate change mitigation (CCA), climate change adaptation (CCA)<\/strong><br>Countries covered: The European Union<br>Clients: public entities and investment banks<br>&nbsp;&nbsp;<\/li>\n\n\n\n<li><strong>Consulting business development for IT company expanding on new markets<\/strong><br>Countries covered: Czech Republic, Poland<br>Client: private entity<br> &nbsp;<\/li>\n\n\n\n<li><strong>Evaluation of biomass availability (pellet and wood chips), drafting business models and price estimations prior to implementing large-scale biomass sourcing programme<\/strong><br>Countries covered: Poland, Germany<br>Client: private entity<br> &nbsp;<\/li>\n\n\n\n<li><strong>Implementing and supporting implementing over 80 energy efficiency audits and obligatory energy audits foreseen for large-scale production facilities<br><\/strong>Countries covered: Poland<br>Client: Private entites<br> &nbsp;<\/li>\n\n\n\n<li><strong>Drafting over 20 business plans for biomass- and gas-fired CHP (Comined Heat and Power) and PP (Power Plants) for large-scale production facilities across Poland<\/strong><br>Countries covered: Poland<br>Client: Private entites<br> &nbsp;<\/li>\n\n\n\n<li><strong>Supporting implementing M&amp;A of large- and medium-asset companies on behalf of equity investors<\/strong><br>Countries covered: Poland, France, Italy<br>Client: Private entites<br> &nbsp;<\/li>\n\n\n\n<li><strong>Organizing several business missions to recognize best business partners under the context of Mergers and Acquisition (M&amp;A) and Joint Venture (JV) transaction. Modelling and proposing optimal transaction value.<\/strong><br>Countries covered: Switzerland, India, South Korea, Singapore<br>Client: Private entity<br>&nbsp;<\/li>\n\n\n\n<li><strong>Supporting the market intelligence and business expansion of technology-driven company representing solid expertise within the field of biogas and biomethane. Development of partnerships and seeing for customers. Managing technical dialogue<\/strong><br>Countries covered: Italy, Poland<br>Client: Private entites<br>&nbsp;<\/li>\n\n\n\n<li><strong>Technical and financial evaluation of state-of-art waste industry facility<\/strong>, <strong>first of its kind<\/strong>. <strong>Implementing feasibility study concerning construction and operational phase<\/strong><br>Countries covered: Italy, Poland<br>Client: Private entites<br>&nbsp;<\/li>\n\n\n\n<li><strong>Technical and financial evaluation of 8 Hydrogen investments<\/strong><br>Countries covered: The European Union<br>Clients: public entities and investment banks<br>&nbsp;<\/li>\n\n\n\n<li><strong>Evaluation of proposals under the Modernisation Fund<\/strong><br>Countries covered: Bulgaria, Czech Republic, Estonia, Greece, Croatia, Latvia, Slovakia, Slovenia, Poland, Portugal, Lithuania, Hungary<br>Client: public entity, investment bank<br>&nbsp;<\/li>\n\n\n\n<li><strong>Assessing the potential to use financial instruments to finance rural infrastructure in EU countries<\/strong><br>Countries covered: Poland<br>Client: public entity, investment bank<br>&nbsp;<\/li>\n\n\n\n<li><strong>Developing A Study on future trends and taxation<\/strong><br>Countries: The European Union<br>Client: public entity, tax authority<br>&nbsp;<\/li>\n\n\n\n<li><strong>Developing a technical and financial model for 6MW biomass-fired installation for wood industry facility<\/strong><br>Country: Poland<br>Client: private, production site<br>&nbsp;<\/li>\n\n\n\n<li><strong>Developing a 40MW biomass-fired installation for paper production facility. Technical and financial modelling<\/strong>, <strong>feasibility study<\/strong><br>Country: Poland<br>Client: private, production site<br>&nbsp;<\/li>\n\n\n\n<li><strong>SUNREF GREEN HOUSING India &#8211; drafting the methodology for investment support<\/strong>. <strong>Awarded. Currently under successful implementation<\/strong><br>Country: India<br>Client: private consultancy firm<br>&nbsp;<\/li>\n\n\n\n<li><strong>Mozambique Energy Resources Centre &#8211; drafting the methodology for investment support<\/strong>. <strong>Awarded. <\/strong> <strong>Currently after successful implementation<\/strong><br>Country: Mozambique<br>Client: private consultancy firm<br>&nbsp;&nbsp;<\/li>\n\n\n\n<li><strong>Programme for Renewable Energy Development in African Island States &#8211; drafting the methodology for investment support<\/strong><br>Countries: Indian Ocean, Union of the Comoros, Republic of Madagascar, Republic of Mauritius, Republic of Seychelles, Atlantic Ocean, Cabo Verde, Democratic Republic of S\u00e3o Tom\u00e9 and Pr\u00edncipe.<br>Client: private consultancy firm<br>&nbsp;<\/li>\n\n\n\n<li><strong>Market intelligence on behalf of heavy-asset investors under biomass sourcing. Shortlisting large-scale farmers (200ha+) interested in establishing Short-Rotation Coppices (SRC). Land surveys and soil analysis<\/strong> i<strong>mplemented in cooperation with laboratories and public research insituties (IUNG)<\/strong><br>Countries: Poland, with ad-hoc insights on Germany, Lithuania, Ukraine<br>Clients: energy utilities, equity funds and paper producers<br>&nbsp;<\/li>\n\n\n\n<li><strong>Acqusition of AC and DC chargers for electric cars and trucks (AC: 22kW, DC: 160kW and larger). Contractual negotiations and supply chain planning<\/strong><br>Countries: China, South Korea, Turkey<br>Clients: private<br>&nbsp;&nbsp;<\/li>\n\n\n\n<li><strong>Analysis of Levelized Cost (LCOE) of Heating in Europe and Central Asia. Identification of cost structure of the various heating supply options (CAPEX and OPEX) as well as all ancillary expenditures for installing and operating that particular<\/strong><br>Countries: (confidential)<br>Client: (confidential)<br>&nbsp;<\/li>\n\n\n\n<li><strong>Cement and Steel Sectors Competitiveness study. Impact reporting and monitoring, organizing the financial evaluation mechanisms for green industry-scale investments<\/strong><br>Country: (confidential)<br>Client: public, investment bank<br>&nbsp;<\/li>\n\n\n\n<li><strong>Feasibility study on biomass availability, forecast on available support mechanisms (grants, subsidies, feed-in tariffs), policy and legislative context, operations, price of energy (LCOE)<\/strong><br>Countries: The United Kingdom, Poland<br>Client: private<\/li>\n<\/ul>\n\n\n\n<figure class=\"wp-block-image size-full\"><img loading=\"lazy\" decoding=\"async\" width=\"754\" height=\"600\" src=\"https:\/\/www.spbt-consult.pl\/wp-content\/uploads\/2024\/07\/Screenshot_126.png\" alt=\"\" class=\"wp-image-171\" srcset=\"https:\/\/www.spbt-consult.pl\/wp-content\/uploads\/2024\/07\/Screenshot_126.png 754w, https:\/\/www.spbt-consult.pl\/wp-content\/uploads\/2024\/07\/Screenshot_126-300x239.png 300w\" sizes=\"auto, (max-width: 706px) 89vw, (max-width: 767px) 82vw, 740px\" \/><\/figure>\n\n\n\n<p><strong>COUNTRIES COVERED BY OUR UP-TO-DATE CONSULTANCY <\/strong> (2024)<\/p>\n","protected":false},"excerpt":{"rendered":"<p>Following is the selection of our most-recent activities and projects.Our team represents necessary technical and financial competencies, since 2004. COUNTRIES COVERED BY OUR UP-TO-DATE CONSULTANCY (2024)<\/p>\n","protected":false},"author":1,"featured_media":90,"parent":0,"menu_order":0,"comment_status":"closed","ping_status":"closed","template":"","meta":{"footnotes":""},"class_list":["post-11","page","type-page","status-publish","has-post-thumbnail","hentry"],"_links":{"self":[{"href":"https:\/\/www.spbt-consult.pl\/index.php\/wp-json\/wp\/v2\/pages\/11","targetHints":{"allow":["GET"]}}],"collection":[{"href":"https:\/\/www.spbt-consult.pl\/index.php\/wp-json\/wp\/v2\/pages"}],"about":[{"href":"https:\/\/www.spbt-consult.pl\/index.php\/wp-json\/wp\/v2\/types\/page"}],"author":[{"embeddable":true,"href":"https:\/\/www.spbt-consult.pl\/index.php\/wp-json\/wp\/v2\/users\/1"}],"replies":[{"embeddable":true,"href":"https:\/\/www.spbt-consult.pl\/index.php\/wp-json\/wp\/v2\/comments?post=11"}],"version-history":[{"count":48,"href":"https:\/\/www.spbt-consult.pl\/index.php\/wp-json\/wp\/v2\/pages\/11\/revisions"}],"predecessor-version":[{"id":196,"href":"https:\/\/www.spbt-consult.pl\/index.php\/wp-json\/wp\/v2\/pages\/11\/revisions\/196"}],"wp:featuredmedia":[{"embeddable":true,"href":"https:\/\/www.spbt-consult.pl\/index.php\/wp-json\/wp\/v2\/media\/90"}],"wp:attachment":[{"href":"https:\/\/www.spbt-consult.pl\/index.php\/wp-json\/wp\/v2\/media?parent=11"}],"curies":[{"name":"wp","href":"https:\/\/api.w.org\/{rel}","templated":true}]}}